{"id":207,"date":"2022-05-09T13:51:10","date_gmt":"2022-05-09T13:51:10","guid":{"rendered":"https:\/\/laurabastante.com\/?page_id=207"},"modified":"2022-05-16T08:40:56","modified_gmt":"2022-05-16T08:40:56","slug":"preguntas-frecuentes-3","status":"publish","type":"page","link":"https:\/\/laurabastante.com\/index.php\/preguntas-frecuentes-3\/","title":{"rendered":"Preguntas frecuentes"},"content":{"rendered":"\t\t<div data-elementor-type=\"wp-page\" data-elementor-id=\"207\" class=\"elementor elementor-207\">\n\t\t\t\t\t\t\t\t\t<section class=\"elementor-section elementor-top-section elementor-element elementor-element-606e1ce elementor-section-boxed elementor-section-height-default elementor-section-height-default\" data-id=\"606e1ce\" data-element_type=\"section\" data-settings=\"{&quot;background_background&quot;:&quot;classic&quot;}\">\n\t\t\t\t\t\t<div class=\"elementor-container elementor-column-gap-default\">\n\t\t\t\t\t<div class=\"elementor-column elementor-col-100 elementor-top-column elementor-element elementor-element-1f0367f\" data-id=\"1f0367f\" data-element_type=\"column\">\n\t\t\t<div class=\"elementor-widget-wrap elementor-element-populated\">\n\t\t\t\t\t\t\t\t<div class=\"elementor-element elementor-element-d0d3daa elementor-widget elementor-widget-mfn_faq\" data-id=\"d0d3daa\" data-element_type=\"widget\" data-widget_type=\"mfn_faq.default\">\n\t\t\t\t<div class=\"elementor-widget-container\">\n\t\t\t<div class=\"faq\"><div class=\"mfn-acc faq_wrapper \"><div class=\"question\" tabindex=\"0\" role=\"link\"><div class=\"title\"><span class=\"num\">1<\/span><i class=\"icon-plus acc-icon-plus\" aria-hidden=\"true\"><\/i><i class=\"icon-minus acc-icon-minus\" aria-hidden=\"true\"><\/i>\u00bfQu\u00e9 es la micropigmentaci\u00f3n\/microblading?<\/div><div class=\"answer\"><div class=\"answer\">La micropigmentaci\u00f3n consiste la implantaci\u00f3n de pigmentos en la piel a trav\u00e9s de t\u00e9cnicas muy avanzadas, de manera indolora, segura y sin ning\u00fan riesgo para la salud.<\/div><\/div><\/div>\n<div class=\"question\" tabindex=\"0\" role=\"link\"><div class=\"title\"><span class=\"num\">2<\/span><i class=\"icon-plus acc-icon-plus\" aria-hidden=\"true\"><\/i><i class=\"icon-minus acc-icon-minus\" aria-hidden=\"true\"><\/i>\u00bfQu\u00e9 puede hacer la micropigmentaci\u00f3n\/microblading por m\u00ed?<\/div><div class=\"answer\"><p>El maquillaje semipermanente es muy adecuado para cualquier persona que desee ahorrar tiempo con su rutina de maquillaje optimizando la apariencia de nuestros rasgos mejor\u00e1ndolos de forma totalmente natural. Tambi\u00e9n nos ayuda a camuflar cicatrices post quir\u00fargicas o mejorar la tonalidad en personas con alg\u00fan tipo de trastornos de pigmentaci\u00f3n en la piel.<\/p><\/div><\/div>\n<div class=\"question\" tabindex=\"0\" role=\"link\"><div class=\"title\"><span class=\"num\">3<\/span><i class=\"icon-plus acc-icon-plus\" aria-hidden=\"true\"><\/i><i class=\"icon-minus acc-icon-minus\" aria-hidden=\"true\"><\/i>\u00bfDuele el tratamiento?<\/div><div class=\"answer\"><p>El nivel del umbral de dolor depende de cada persona y se hace todo lo posible para garantizar que se mantenga c\u00f3modo durante el procedimiento. Trabajamos en la capa m\u00e1s superior de tu piel con total delicadeza y preparamos tu piel previamente para que el tratamiento sea totalmente confortable.<\/p><\/div><\/div>\n<div class=\"question\" tabindex=\"0\" role=\"link\"><div class=\"title\"><span class=\"num\">4<\/span><i class=\"icon-plus acc-icon-plus\" aria-hidden=\"true\"><\/i><i class=\"icon-minus acc-icon-minus\" aria-hidden=\"true\"><\/i>\u00bfCu\u00e1nto dura el procedimiento?<\/div><div class=\"answer\"><div class=\"answer\">La duraci\u00f3n del procedimiento puede durar variar entre 2 y 4 horas, dependiendo de la zona que vamos a tratar y de la t\u00e9cnica que vamos a utilizar.<\/div><\/div><\/div>\n<div class=\"question\" tabindex=\"0\" role=\"link\"><div class=\"title\"><span class=\"num\">5<\/span><i class=\"icon-plus acc-icon-plus\" aria-hidden=\"true\"><\/i><i class=\"icon-minus acc-icon-minus\" aria-hidden=\"true\"><\/i>\u00bfC\u00f3mo puedo saber c\u00f3mo me quedar\u00e1 el tratamiento?<\/div><div class=\"answer\"><div class=\"answer\">El dise\u00f1o y el color son una de las partes m\u00e1s importantes del tratamiento, a las que dedicaremos el tiempo necesario para que quede lo m\u00e1s perfecto posible. S\u00f3lo cuando el dise\u00f1o y el color sean del agrado del cliente procederemos a realizar la micropigmentaci\u00f3n.<\/div><\/div><\/div>\n<div class=\"question\" tabindex=\"0\" role=\"link\"><div class=\"title\"><span class=\"num\">6<\/span><i class=\"icon-plus acc-icon-plus\" aria-hidden=\"true\"><\/i><i class=\"icon-minus acc-icon-minus\" aria-hidden=\"true\"><\/i>\u00bfDespu\u00e9s del tratamiento estar\u00e9 visible?<\/div><div class=\"answer\"><div class=\"answer\">Al finalizar el tratamiento la zona tratada se enrojece y se inflama un poquito, esto depender\u00e1 del \u00e1rea micropigmentada elegida. Estos s\u00edntomas desaparecen en 24-48 horas.<\/div><\/div><\/div>\n<div class=\"question\" tabindex=\"0\" role=\"link\"><div class=\"title\"><span class=\"num\">7<\/span><i class=\"icon-plus acc-icon-plus\" aria-hidden=\"true\"><\/i><i class=\"icon-minus acc-icon-minus\" aria-hidden=\"true\"><\/i>\u00bfCu\u00e1nto dura la micropigmentaci\u00f3n\/microblading en la piel?<\/div><div class=\"answer\"><div class=\"answer\">Esta duraci\u00f3n depende de varios factores: <br \/>\u2022 La zona que vamos a tratar. <br \/>\u2022 El tipo de piel de la persona. <br \/>\u2022 El color aplicado. <br \/>\u2022 Los cuidados posteriores del cliente despu\u00e9s de haberse realizado el tratamiento.<\/div><\/div><\/div>\n<div class=\"question\" tabindex=\"0\" role=\"link\"><div class=\"title\"><span class=\"num\">8<\/span><i class=\"icon-plus acc-icon-plus\" aria-hidden=\"true\"><\/i><i class=\"icon-minus acc-icon-minus\" aria-hidden=\"true\"><\/i>\u00bfNecesito hacerme un retoque?<\/div><div class=\"answer\"><div class=\"answer\">Despu\u00e9s de que la piel se haya regenerado, oscilando entre los 30 y 45 d\u00edas, casi en la mayor\u00eda de los casos es necesario realizar un retoque para reforzar el color y perfeccionar el dise\u00f1o si hiciera falta. Esta sesi\u00f3n de repaso se realiza entre los 30 y 60 d\u00edas despu\u00e9s de la primera sesi\u00f3n.<\/div><\/div><\/div>\n<div class=\"question\" tabindex=\"0\" role=\"link\"><div class=\"title\"><span class=\"num\">9<\/span><i class=\"icon-plus acc-icon-plus\" aria-hidden=\"true\"><\/i><i class=\"icon-minus acc-icon-minus\" aria-hidden=\"true\"><\/i>\u00bfLa micropigmentaci\u00f3n\/microblading tiene riesgos?<\/div><div class=\"answer\"><div class=\"answer\">En la entrevista previa realizamos el test de alergia para asegurarnos la tolerancia a los pigmentos y conocer que no haya ninguna contraindicaci\u00f3n que impida realizar el tratamiento.<\/div><\/div><\/div>\n<div class=\"question\" tabindex=\"0\" role=\"link\"><div class=\"title\"><span class=\"num\">10<\/span><i class=\"icon-plus acc-icon-plus\" aria-hidden=\"true\"><\/i><i class=\"icon-minus acc-icon-minus\" aria-hidden=\"true\"><\/i>\u00bfQu\u00e9 tengo que evitar antes de un procedimiento de micropigmentaci\u00f3n\/microblading?<\/div><div class=\"answer\"><div class=\"answer\">\u2022 No realizarse tratamientos est\u00e9ticos ni m\u00e9dico-est\u00e9ticos en la zona un mes antes como peelings qu\u00edmicos, dermoabrasi\u00f3n, inyecciones de botox o \u00e1cido hialur\u00f3nico, etc. <br \/>\u2022 Evitar la exposici\u00f3n directa al sol o rayos UVA.<br \/>\u2022 No consumir cafe\u00edna el d\u00eda del procedimiento. <br \/>\u2022 24 horas antes del tratamiento no tomar vasodilatadores (aspirina), anticoagulantes, antibi\u00f3ticos, ni bebidas alcoh\u00f3licas. <br \/>\u2022 Para la realizaci\u00f3n de micropigmentaci\u00f3n en los labios, en personas propensas al virus herpes, se puede solicitar al m\u00e9dico antes de realizar el tratamiento una soluci\u00f3n antiv\u00edrica. <br \/>\u2022 Para la micropigmentaci\u00f3n de ojos no se puede acudir con las pesta\u00f1as postizas ni extensiones de pesta\u00f1as.<\/div><\/div><\/div>\n<div class=\"question\" tabindex=\"0\" role=\"link\"><div class=\"title\"><span class=\"num\">11<\/span><i class=\"icon-plus acc-icon-plus\" aria-hidden=\"true\"><\/i><i class=\"icon-minus acc-icon-minus\" aria-hidden=\"true\"><\/i>\u00bfArregl\u00e1is una micropigmentaci\u00f3n anterior?<\/div><div class=\"answer\"><div class=\"answer\">Cada tratamiento es \u00fanico. Deber\u00edamos valorar tu tratamiento anterior y estudiar la soluci\u00f3n m\u00e1s adecuada para ti.<\/div><\/div><\/div>\n<\/div><\/div>\n\t\t<\/div>\n\t\t\t\t<\/div>\n\t\t\t\t\t<\/div>\n\t\t<\/div>\n\t\t\t\t\t\t\t<\/div>\n\t\t<\/section>\n\t\t\t\t\t\t\t<\/div>\n\t\t","protected":false},"excerpt":{"rendered":"<p>1\u00bfQu\u00e9 es la micropigmentaci\u00f3n\/microblading?La micropigmentaci\u00f3n consiste la implantaci\u00f3n de pigmentos en la piel a trav\u00e9s de t\u00e9cnicas muy avanzadas, de manera indolora, segura y sin ning\u00fan<span class=\"excerpt-hellip\"> [\u2026]<\/span><\/p>\n","protected":false},"author":1,"featured_media":0,"parent":0,"menu_order":0,"comment_status":"closed","ping_status":"closed","template":"","meta":{"footnotes":""},"class_list":["post-207","page","type-page","status-publish","hentry"],"_links":{"self":[{"href":"https:\/\/laurabastante.com\/index.php\/wp-json\/wp\/v2\/pages\/207","targetHints":{"allow":["GET"]}}],"collection":[{"href":"https:\/\/laurabastante.com\/index.php\/wp-json\/wp\/v2\/pages"}],"about":[{"href":"https:\/\/laurabastante.com\/index.php\/wp-json\/wp\/v2\/types\/page"}],"author":[{"embeddable":true,"href":"https:\/\/laurabastante.com\/index.php\/wp-json\/wp\/v2\/users\/1"}],"replies":[{"embeddable":true,"href":"https:\/\/laurabastante.com\/index.php\/wp-json\/wp\/v2\/comments?post=207"}],"version-history":[{"count":24,"href":"https:\/\/laurabastante.com\/index.php\/wp-json\/wp\/v2\/pages\/207\/revisions"}],"predecessor-version":[{"id":347,"href":"https:\/\/laurabastante.com\/index.php\/wp-json\/wp\/v2\/pages\/207\/revisions\/347"}],"wp:attachment":[{"href":"https:\/\/laurabastante.com\/index.php\/wp-json\/wp\/v2\/media?parent=207"}],"curies":[{"name":"wp","href":"https:\/\/api.w.org\/{rel}","templated":true}]}}