{"id":348,"date":"2022-05-16T08:53:29","date_gmt":"2022-05-16T08:53:29","guid":{"rendered":"https:\/\/laurabastante.com\/?page_id=348"},"modified":"2022-05-17T10:32:15","modified_gmt":"2022-05-17T10:32:15","slug":"eliminacion-de-micropigmentacion-tattoo","status":"publish","type":"page","link":"https:\/\/laurabastante.com\/index.php\/eliminacion-de-micropigmentacion-tattoo\/","title":{"rendered":"Eliminaci\u00f3n de micropigmentaci\u00f3n\/tattoo"},"content":{"rendered":"\t\t<div data-elementor-type=\"wp-page\" data-elementor-id=\"348\" class=\"elementor elementor-348\">\n\t\t\t\t\t\t\t\t\t<section class=\"elementor-section elementor-top-section elementor-element elementor-element-c9f9391 elementor-section-boxed elementor-section-height-default elementor-section-height-default\" data-id=\"c9f9391\" data-element_type=\"section\">\n\t\t\t\t\t\t<div class=\"elementor-container elementor-column-gap-default\">\n\t\t\t\t\t<div class=\"elementor-column elementor-col-100 elementor-top-column elementor-element elementor-element-0670eee\" data-id=\"0670eee\" data-element_type=\"column\">\n\t\t\t<div class=\"elementor-widget-wrap elementor-element-populated\">\n\t\t\t\t\t\t\t\t<div class=\"elementor-element elementor-element-af7e146 elementor-widget elementor-widget-text-editor\" data-id=\"af7e146\" data-element_type=\"widget\" data-widget_type=\"text-editor.default\">\n\t\t\t\t<div class=\"elementor-widget-container\">\n\t\t\t<style>\/*! elementor - v3.6.2 - 04-04-2022 *\/\n.elementor-widget-text-editor.elementor-drop-cap-view-stacked .elementor-drop-cap{background-color:#818a91;color:#fff}.elementor-widget-text-editor.elementor-drop-cap-view-framed .elementor-drop-cap{color:#818a91;border:3px solid;background-color:transparent}.elementor-widget-text-editor:not(.elementor-drop-cap-view-default) .elementor-drop-cap{margin-top:8px}.elementor-widget-text-editor:not(.elementor-drop-cap-view-default) .elementor-drop-cap-letter{width:1em;height:1em}.elementor-widget-text-editor .elementor-drop-cap{float:left;text-align:center;line-height:1;font-size:50px}.elementor-widget-text-editor .elementor-drop-cap-letter{display:inline-block}<\/style>\t\t\t\t<p>El tratamiento se realiza con el l\u00e1ser Q-Switch, \u00faltima tecnolog\u00eda en l\u00e1ser para la eliminaci\u00f3n de tatuajes y maquillaje semi permanente.<br \/>El l\u00e1ser de Q-Switch genera unos pulsos de energ\u00eda con una longitud de onda espec\u00edfica, que act\u00faa exclusivamente sobre las part\u00edculas de pigmentos, rompi\u00e9ndolas en otras de un tama\u00f1o mucho m\u00e1s peque\u00f1o, dejando la piel integra.<\/p><p>Las sesiones se suelen realizar cada 5-8 semanas, en funci\u00f3n de la cicatrizaci\u00f3n de la piel, metabolismo o rapidez de respuesta, h\u00e1bitos, etc., pudiendo repetirse varias veces, hasta la obtenci\u00f3n del resultado deseado.<\/p>\t\t\t\t\t\t<\/div>\n\t\t\t\t<\/div>\n\t\t\t\t\t<\/div>\n\t\t<\/div>\n\t\t\t\t\t\t\t<\/div>\n\t\t<\/section>\n\t\t\t\t<section class=\"elementor-section elementor-top-section elementor-element elementor-element-59467ce elementor-section-boxed elementor-section-height-default elementor-section-height-default\" data-id=\"59467ce\" data-element_type=\"section\">\n\t\t\t\t\t\t<div class=\"elementor-container elementor-column-gap-default\">\n\t\t\t\t\t<div class=\"elementor-column elementor-col-100 elementor-top-column elementor-element elementor-element-b348e7d\" data-id=\"b348e7d\" data-element_type=\"column\">\n\t\t\t<div class=\"elementor-widget-wrap elementor-element-populated\">\n\t\t\t\t\t\t\t\t<div class=\"elementor-element elementor-element-d81c80f elementor-widget elementor-widget-text-editor\" data-id=\"d81c80f\" data-element_type=\"widget\" data-widget_type=\"text-editor.default\">\n\t\t\t\t<div class=\"elementor-widget-container\">\n\t\t\t\t\t\t\t<a class=\"action_button top-bar-right-button \" href=\"https:\/\/wa.me\/34621191834\">Agenda tu visita ahora<\/a>\t\t\t\t\t\t<\/div>\n\t\t\t\t<\/div>\n\t\t\t\t\t<\/div>\n\t\t<\/div>\n\t\t\t\t\t\t\t<\/div>\n\t\t<\/section>\n\t\t\t\t<section class=\"elementor-section elementor-top-section elementor-element elementor-element-925b0e2 elementor-section-boxed elementor-section-height-default elementor-section-height-default\" data-id=\"925b0e2\" data-element_type=\"section\">\n\t\t\t\t\t\t<div class=\"elementor-container elementor-column-gap-default\">\n\t\t\t\t\t<div class=\"elementor-column elementor-col-100 elementor-top-column elementor-element elementor-element-ec999ec\" data-id=\"ec999ec\" data-element_type=\"column\">\n\t\t\t<div class=\"elementor-widget-wrap elementor-element-populated\">\n\t\t\t\t\t\t\t\t<div class=\"elementor-element elementor-element-ca536f7 elementor-widget elementor-widget-spacer\" data-id=\"ca536f7\" data-element_type=\"widget\" data-widget_type=\"spacer.default\">\n\t\t\t\t<div class=\"elementor-widget-container\">\n\t\t\t<style>\/*! elementor - v3.6.2 - 04-04-2022 *\/\n.e-container.e-container--row .elementor-spacer-inner{width:var(--spacer-size)}.e-container.e-container--column .elementor-spacer-inner,.elementor-column .elementor-spacer-inner{height:var(--spacer-size)}<\/style>\t\t<div class=\"elementor-spacer\">\n\t\t\t<div class=\"elementor-spacer-inner\"><\/div>\n\t\t<\/div>\n\t\t\t\t<\/div>\n\t\t\t\t<\/div>\n\t\t\t\t\t<\/div>\n\t\t<\/div>\n\t\t\t\t\t\t\t<\/div>\n\t\t<\/section>\n\t\t\t\t\t\t\t<\/div>\n\t\t","protected":false},"excerpt":{"rendered":"<p>El tratamiento se realiza con el l\u00e1ser Q-Switch, \u00faltima tecnolog\u00eda en l\u00e1ser para la eliminaci\u00f3n de tatuajes y maquillaje semi permanente.El l\u00e1ser de Q-Switch genera unos<span class=\"excerpt-hellip\"> [\u2026]<\/span><\/p>\n","protected":false},"author":1,"featured_media":0,"parent":0,"menu_order":0,"comment_status":"closed","ping_status":"closed","template":"","meta":{"footnotes":""},"class_list":["post-348","page","type-page","status-publish","hentry"],"_links":{"self":[{"href":"https:\/\/laurabastante.com\/index.php\/wp-json\/wp\/v2\/pages\/348","targetHints":{"allow":["GET"]}}],"collection":[{"href":"https:\/\/laurabastante.com\/index.php\/wp-json\/wp\/v2\/pages"}],"about":[{"href":"https:\/\/laurabastante.com\/index.php\/wp-json\/wp\/v2\/types\/page"}],"author":[{"embeddable":true,"href":"https:\/\/laurabastante.com\/index.php\/wp-json\/wp\/v2\/users\/1"}],"replies":[{"embeddable":true,"href":"https:\/\/laurabastante.com\/index.php\/wp-json\/wp\/v2\/comments?post=348"}],"version-history":[{"count":14,"href":"https:\/\/laurabastante.com\/index.php\/wp-json\/wp\/v2\/pages\/348\/revisions"}],"predecessor-version":[{"id":483,"href":"https:\/\/laurabastante.com\/index.php\/wp-json\/wp\/v2\/pages\/348\/revisions\/483"}],"wp:attachment":[{"href":"https:\/\/laurabastante.com\/index.php\/wp-json\/wp\/v2\/media?parent=348"}],"curies":[{"name":"wp","href":"https:\/\/api.w.org\/{rel}","templated":true}]}}