{"id":358,"date":"2022-05-16T09:35:16","date_gmt":"2022-05-16T09:35:16","guid":{"rendered":"https:\/\/laurabastante.com\/?page_id=358"},"modified":"2022-05-17T10:29:35","modified_gmt":"2022-05-17T10:29:35","slug":"powder-brows-cejas-efecto-polvo","status":"publish","type":"page","link":"https:\/\/laurabastante.com\/index.php\/powder-brows-cejas-efecto-polvo\/","title":{"rendered":"Powder Brows (cejas efecto polvo)"},"content":{"rendered":"\t\t<div data-elementor-type=\"wp-page\" data-elementor-id=\"358\" class=\"elementor elementor-358\">\n\t\t\t\t\t\t\t\t\t<section class=\"elementor-section elementor-top-section elementor-element elementor-element-b43e77a elementor-section-boxed elementor-section-height-default elementor-section-height-default\" data-id=\"b43e77a\" data-element_type=\"section\">\n\t\t\t\t\t\t<div class=\"elementor-container elementor-column-gap-default\">\n\t\t\t\t\t<div class=\"elementor-column elementor-col-100 elementor-top-column elementor-element elementor-element-edebe97\" data-id=\"edebe97\" data-element_type=\"column\">\n\t\t\t<div class=\"elementor-widget-wrap elementor-element-populated\">\n\t\t\t\t\t\t\t\t<div class=\"elementor-element elementor-element-8feacdb elementor-widget elementor-widget-text-editor\" data-id=\"8feacdb\" data-element_type=\"widget\" data-widget_type=\"text-editor.default\">\n\t\t\t\t<div class=\"elementor-widget-container\">\n\t\t\t<style>\/*! elementor - v3.6.2 - 04-04-2022 *\/\n.elementor-widget-text-editor.elementor-drop-cap-view-stacked .elementor-drop-cap{background-color:#818a91;color:#fff}.elementor-widget-text-editor.elementor-drop-cap-view-framed .elementor-drop-cap{color:#818a91;border:3px solid;background-color:transparent}.elementor-widget-text-editor:not(.elementor-drop-cap-view-default) .elementor-drop-cap{margin-top:8px}.elementor-widget-text-editor:not(.elementor-drop-cap-view-default) .elementor-drop-cap-letter{width:1em;height:1em}.elementor-widget-text-editor .elementor-drop-cap{float:left;text-align:center;line-height:1;font-size:50px}.elementor-widget-text-editor .elementor-drop-cap-letter{display:inline-block}<\/style>\t\t\t\tEsta t\u00e9cnica es ideal para todo tipo de cejas, reproduce el efecto maquillaje quedando un efecto empolvado muy sutil logrando mejorar la forma de las cejas o corregir asimetr\u00edas. <br><p><br>A diferencia del Microblading, este tratamiento no \u201cdibuja\u201d trazos que simulen el pelo natural de la ceja, sino que aporta color a toda la zona. De esta manera, se obtiene un efecto degradado en la tonalidad, con menos intensidad en la zona de la cabeza y mayor potencia de color en la cola o final de la ceja.<br><br>La primera consulta comenzar\u00e1 con el proceso de medici\u00f3n conocido como visagismo, por el cual lograremos el dise\u00f1o de cejas que se adecue a la perfecci\u00f3n al tipo de rostro seg\u00fan sus facciones y dimensiones. Este proceso tiene especial protagonismo para lograr un equilibrio de los rasgos faciales y poder conseguir que nos brinde el resultado est\u00e9tico esperado tras la sesi\u00f3n de micropigmentaci\u00f3n.<br><br>El efecto Powder Brows es excelente para corregir la forma y el tono natural de las cejas, aumentar la densidad y rejuvenecer la mirada. El resultado es delicado, natural y elegante. Adem\u00e1s es adecuado para todos tipos de pieles, incluyendo las pieles grasas.<\/p><p>Para obtener un resultado \u00f3ptimo, se recomienda realizar un retoque al cabo del primer mes. Despu\u00e9s de las 4 &#8211; 8 semanas tras del procedimiento se volver\u00e1 a consulta para revisar el procedimiento y realizar el repaso, siendo \u00e9ste necesario en la mayor\u00eda de los casos.<\/p><p>Debemos tener en cuenta que, al finalizar el servicio, el pigmento estar\u00e1 muy subido y con un color muy intenso. Debido al proceso de cicatrizaci\u00f3n, el pigmento variar\u00e1 su intensidad hasta conseguir el color deseado.<\/p><p>Los resultados tendr\u00e1n una duraci\u00f3n aproximada de 1 a 2 a\u00f1os, dependiendo del tipo de piel y cuidados posteriores.<br><\/p>\t\t\t\t\t\t<\/div>\n\t\t\t\t<\/div>\n\t\t\t\t\t<\/div>\n\t\t<\/div>\n\t\t\t\t\t\t\t<\/div>\n\t\t<\/section>\n\t\t\t\t<section class=\"elementor-section elementor-top-section elementor-element elementor-element-83bc99f elementor-section-boxed elementor-section-height-default elementor-section-height-default\" data-id=\"83bc99f\" data-element_type=\"section\">\n\t\t\t\t\t\t<div class=\"elementor-container elementor-column-gap-default\">\n\t\t\t\t\t<div class=\"elementor-column elementor-col-100 elementor-top-column elementor-element elementor-element-1108f53\" data-id=\"1108f53\" data-element_type=\"column\">\n\t\t\t<div class=\"elementor-widget-wrap elementor-element-populated\">\n\t\t\t\t\t\t\t\t<div class=\"elementor-element elementor-element-22c81a9 elementor-widget elementor-widget-text-editor\" data-id=\"22c81a9\" data-element_type=\"widget\" data-widget_type=\"text-editor.default\">\n\t\t\t\t<div class=\"elementor-widget-container\">\n\t\t\t\t\t\t\t<a href=\"https:\/\/wa.me\/34621191834\" class=\"action_button top-bar-right-button \">Agenda tu visita ahora<\/a>\t\t\t\t\t\t<\/div>\n\t\t\t\t<\/div>\n\t\t\t\t\t<\/div>\n\t\t<\/div>\n\t\t\t\t\t\t\t<\/div>\n\t\t<\/section>\n\t\t\t\t<section class=\"elementor-section elementor-top-section elementor-element elementor-element-93b8eb1 elementor-section-boxed elementor-section-height-default elementor-section-height-default\" data-id=\"93b8eb1\" data-element_type=\"section\">\n\t\t\t\t\t\t<div class=\"elementor-container elementor-column-gap-default\">\n\t\t\t\t\t<div class=\"elementor-column elementor-col-100 elementor-top-column elementor-element elementor-element-ae2a7c2\" data-id=\"ae2a7c2\" data-element_type=\"column\">\n\t\t\t<div class=\"elementor-widget-wrap elementor-element-populated\">\n\t\t\t\t\t\t\t\t<div class=\"elementor-element elementor-element-111edc1 elementor-widget elementor-widget-spacer\" data-id=\"111edc1\" data-element_type=\"widget\" data-widget_type=\"spacer.default\">\n\t\t\t\t<div class=\"elementor-widget-container\">\n\t\t\t<style>\/*! elementor - v3.6.2 - 04-04-2022 *\/\n.e-container.e-container--row .elementor-spacer-inner{width:var(--spacer-size)}.e-container.e-container--column .elementor-spacer-inner,.elementor-column .elementor-spacer-inner{height:var(--spacer-size)}<\/style>\t\t<div class=\"elementor-spacer\">\n\t\t\t<div class=\"elementor-spacer-inner\"><\/div>\n\t\t<\/div>\n\t\t\t\t<\/div>\n\t\t\t\t<\/div>\n\t\t\t\t\t<\/div>\n\t\t<\/div>\n\t\t\t\t\t\t\t<\/div>\n\t\t<\/section>\n\t\t\t\t<section class=\"elementor-section elementor-top-section elementor-element elementor-element-05baeb4 elementor-section-boxed elementor-section-height-default elementor-section-height-default\" data-id=\"05baeb4\" data-element_type=\"section\">\n\t\t\t\t\t\t<div class=\"elementor-container elementor-column-gap-default\">\n\t\t\t\t\t<div class=\"elementor-column elementor-col-50 elementor-top-column elementor-element elementor-element-92286bd\" data-id=\"92286bd\" data-element_type=\"column\">\n\t\t\t<div class=\"elementor-widget-wrap elementor-element-populated\">\n\t\t\t\t\t\t\t\t<div class=\"elementor-element elementor-element-607fb70 elementor-widget elementor-widget-image\" data-id=\"607fb70\" data-element_type=\"widget\" data-widget_type=\"image.default\">\n\t\t\t\t<div class=\"elementor-widget-container\">\n\t\t\t<style>\/*! elementor - v3.6.2 - 04-04-2022 *\/\n.elementor-widget-image{text-align:center}.elementor-widget-image a{display:inline-block}.elementor-widget-image a img[src$=\".svg\"]{width:48px}.elementor-widget-image img{vertical-align:middle;display:inline-block}<\/style>\t\t\t\t\t\t\t\t\t\t\t\t<img loading=\"lazy\" decoding=\"async\" width=\"478\" height=\"465\" src=\"https:\/\/laurabastante.com\/wp-content\/uploads\/2022\/05\/Cejas_1.png\" class=\"attachment-large size-large\" alt=\"\" srcset=\"https:\/\/laurabastante.com\/wp-content\/uploads\/2022\/05\/Cejas_1.png 478w, https:\/\/laurabastante.com\/wp-content\/uploads\/2022\/05\/Cejas_1-300x292.png 300w, https:\/\/laurabastante.com\/wp-content\/uploads\/2022\/05\/Cejas_1-150x146.png 150w, https:\/\/laurabastante.com\/wp-content\/uploads\/2022\/05\/Cejas_1-50x50.png 50w, https:\/\/laurabastante.com\/wp-content\/uploads\/2022\/05\/Cejas_1-77x75.png 77w\" sizes=\"auto, (max-width: 478px) 100vw, 478px\" \/>\t\t\t\t\t\t\t\t\t\t\t\t\t\t\t<\/div>\n\t\t\t\t<\/div>\n\t\t\t\t\t<\/div>\n\t\t<\/div>\n\t\t\t\t<div class=\"elementor-column elementor-col-50 elementor-top-column elementor-element elementor-element-c3077d4\" data-id=\"c3077d4\" data-element_type=\"column\">\n\t\t\t<div class=\"elementor-widget-wrap elementor-element-populated\">\n\t\t\t\t\t\t\t\t<div class=\"elementor-element elementor-element-99b4d87 elementor-widget elementor-widget-image\" data-id=\"99b4d87\" data-element_type=\"widget\" data-widget_type=\"image.default\">\n\t\t\t\t<div class=\"elementor-widget-container\">\n\t\t\t\t\t\t\t\t\t\t\t\t\t\t\t<img loading=\"lazy\" decoding=\"async\" width=\"478\" height=\"465\" src=\"https:\/\/laurabastante.com\/wp-content\/uploads\/2022\/05\/Cejas_2.png\" class=\"attachment-large size-large\" alt=\"\" srcset=\"https:\/\/laurabastante.com\/wp-content\/uploads\/2022\/05\/Cejas_2.png 478w, https:\/\/laurabastante.com\/wp-content\/uploads\/2022\/05\/Cejas_2-300x292.png 300w, https:\/\/laurabastante.com\/wp-content\/uploads\/2022\/05\/Cejas_2-150x146.png 150w, https:\/\/laurabastante.com\/wp-content\/uploads\/2022\/05\/Cejas_2-50x50.png 50w, https:\/\/laurabastante.com\/wp-content\/uploads\/2022\/05\/Cejas_2-77x75.png 77w\" sizes=\"auto, (max-width: 478px) 100vw, 478px\" \/>\t\t\t\t\t\t\t\t\t\t\t\t\t\t\t<\/div>\n\t\t\t\t<\/div>\n\t\t\t\t\t<\/div>\n\t\t<\/div>\n\t\t\t\t\t\t\t<\/div>\n\t\t<\/section>\n\t\t\t\t<section class=\"elementor-section elementor-top-section elementor-element elementor-element-636db97 elementor-section-boxed elementor-section-height-default elementor-section-height-default\" data-id=\"636db97\" data-element_type=\"section\">\n\t\t\t\t\t\t<div class=\"elementor-container elementor-column-gap-default\">\n\t\t\t\t\t<div class=\"elementor-column elementor-col-100 elementor-top-column elementor-element elementor-element-a9537af\" data-id=\"a9537af\" data-element_type=\"column\">\n\t\t\t<div class=\"elementor-widget-wrap elementor-element-populated\">\n\t\t\t\t\t\t\t\t<div class=\"elementor-element elementor-element-03e150e elementor-widget elementor-widget-spacer\" data-id=\"03e150e\" data-element_type=\"widget\" data-widget_type=\"spacer.default\">\n\t\t\t\t<div class=\"elementor-widget-container\">\n\t\t\t\t\t<div class=\"elementor-spacer\">\n\t\t\t<div class=\"elementor-spacer-inner\"><\/div>\n\t\t<\/div>\n\t\t\t\t<\/div>\n\t\t\t\t<\/div>\n\t\t\t\t\t<\/div>\n\t\t<\/div>\n\t\t\t\t\t\t\t<\/div>\n\t\t<\/section>\n\t\t\t\t\t\t\t<\/div>\n\t\t","protected":false},"excerpt":{"rendered":"<p>Esta t\u00e9cnica es ideal para todo tipo de cejas, reproduce el efecto maquillaje quedando un efecto empolvado muy sutil logrando mejorar la forma de las cejas<span class=\"excerpt-hellip\"> [\u2026]<\/span><\/p>\n","protected":false},"author":1,"featured_media":0,"parent":0,"menu_order":0,"comment_status":"closed","ping_status":"closed","template":"","meta":{"footnotes":""},"class_list":["post-358","page","type-page","status-publish","hentry"],"_links":{"self":[{"href":"https:\/\/laurabastante.com\/index.php\/wp-json\/wp\/v2\/pages\/358","targetHints":{"allow":["GET"]}}],"collection":[{"href":"https:\/\/laurabastante.com\/index.php\/wp-json\/wp\/v2\/pages"}],"about":[{"href":"https:\/\/laurabastante.com\/index.php\/wp-json\/wp\/v2\/types\/page"}],"author":[{"embeddable":true,"href":"https:\/\/laurabastante.com\/index.php\/wp-json\/wp\/v2\/users\/1"}],"replies":[{"embeddable":true,"href":"https:\/\/laurabastante.com\/index.php\/wp-json\/wp\/v2\/comments?post=358"}],"version-history":[{"count":10,"href":"https:\/\/laurabastante.com\/index.php\/wp-json\/wp\/v2\/pages\/358\/revisions"}],"predecessor-version":[{"id":434,"href":"https:\/\/laurabastante.com\/index.php\/wp-json\/wp\/v2\/pages\/358\/revisions\/434"}],"wp:attachment":[{"href":"https:\/\/laurabastante.com\/index.php\/wp-json\/wp\/v2\/media?parent=358"}],"curies":[{"name":"wp","href":"https:\/\/api.w.org\/{rel}","templated":true}]}}