{"id":422,"date":"2022-05-17T10:11:38","date_gmt":"2022-05-17T10:11:38","guid":{"rendered":"https:\/\/laurabastante.com\/?page_id=422"},"modified":"2022-05-17T10:31:35","modified_gmt":"2022-05-17T10:31:35","slug":"micropigmentacion-de-labios","status":"publish","type":"page","link":"https:\/\/laurabastante.com\/index.php\/micropigmentacion-de-labios\/","title":{"rendered":"Micropigmentaci\u00f3n de labios"},"content":{"rendered":"\t\t<div data-elementor-type=\"wp-page\" data-elementor-id=\"422\" class=\"elementor elementor-422\">\n\t\t\t\t\t\t\t\t\t<section class=\"elementor-section elementor-top-section elementor-element elementor-element-3e94c60 elementor-section-boxed elementor-section-height-default elementor-section-height-default\" data-id=\"3e94c60\" data-element_type=\"section\">\n\t\t\t\t\t\t<div class=\"elementor-container elementor-column-gap-default\">\n\t\t\t\t\t<div class=\"elementor-column elementor-col-100 elementor-top-column elementor-element elementor-element-db083a2\" data-id=\"db083a2\" data-element_type=\"column\">\n\t\t\t<div class=\"elementor-widget-wrap elementor-element-populated\">\n\t\t\t\t\t\t\t\t<div class=\"elementor-element elementor-element-a9db45b elementor-widget elementor-widget-text-editor\" data-id=\"a9db45b\" data-element_type=\"widget\" data-widget_type=\"text-editor.default\">\n\t\t\t\t<div class=\"elementor-widget-container\">\n\t\t\t<style>\/*! elementor - v3.6.2 - 04-04-2022 *\/\n.elementor-widget-text-editor.elementor-drop-cap-view-stacked .elementor-drop-cap{background-color:#818a91;color:#fff}.elementor-widget-text-editor.elementor-drop-cap-view-framed .elementor-drop-cap{color:#818a91;border:3px solid;background-color:transparent}.elementor-widget-text-editor:not(.elementor-drop-cap-view-default) .elementor-drop-cap{margin-top:8px}.elementor-widget-text-editor:not(.elementor-drop-cap-view-default) .elementor-drop-cap-letter{width:1em;height:1em}.elementor-widget-text-editor .elementor-drop-cap{float:left;text-align:center;line-height:1;font-size:50px}.elementor-widget-text-editor .elementor-drop-cap-letter{display:inline-block}<\/style>\t\t\t\t<div>La micropigmentaci\u00f3n efecto Acuerela lips es una novedosa t\u00e9cnica que tiene un resultado natural dejando as\u00ed atr\u00e1s la antigua t\u00e9cnica de delineado, con esta t\u00e9cnica se da color a todo el labio, creando un efecto de volumen.<br><\/div><div><p>Esta t\u00e9cnica define, delimita y aporta tono al labio, sin perder su naturalidad, permitiendo corregir imperfecciones, asimetr\u00edas, el tono de la mucosa y la forma para dar armon\u00eda al conjunto del rostro.<br>Tras conocer los gustos y expectativas de la persona se realiza un dibujo preliminar y se escoge el color de acuerdo con el tono de piel, el color natural del labio y los gustos de la persona.<\/p><\/div><p>El resultado \u00faltimo se consigue tras dos sesiones en la mayor\u00eda de los \ncasos, siendo el retoque aproximadamente entre las 4 -8 semanas, el cual\n servir\u00e1 para mejorar peque\u00f1as zonas que pudieran no haber tenido una \n\u00f3ptima pigmentaci\u00f3n, o bien daremos m\u00e1s intensidad al procedimiento si \nla persona lo desea.<\/p><p>El tratamiento dura entre 2 y 3 a\u00f1os, dependiendo del tipo de piel y estilo de vida. <\/p>\t\t\t\t\t\t<\/div>\n\t\t\t\t<\/div>\n\t\t\t\t\t<\/div>\n\t\t<\/div>\n\t\t\t\t\t\t\t<\/div>\n\t\t<\/section>\n\t\t\t\t<section class=\"elementor-section elementor-top-section elementor-element elementor-element-d3a62aa elementor-section-boxed elementor-section-height-default elementor-section-height-default\" data-id=\"d3a62aa\" data-element_type=\"section\">\n\t\t\t\t\t\t<div class=\"elementor-container elementor-column-gap-default\">\n\t\t\t\t\t<div class=\"elementor-column elementor-col-100 elementor-top-column elementor-element elementor-element-94c0b60\" data-id=\"94c0b60\" data-element_type=\"column\">\n\t\t\t<div class=\"elementor-widget-wrap elementor-element-populated\">\n\t\t\t\t\t\t\t\t<div class=\"elementor-element elementor-element-4ab1daa elementor-widget elementor-widget-text-editor\" data-id=\"4ab1daa\" data-element_type=\"widget\" data-widget_type=\"text-editor.default\">\n\t\t\t\t<div class=\"elementor-widget-container\">\n\t\t\t\t\t\t\t<a class=\"action_button top-bar-right-button \" href=\"https:\/\/wa.me\/34621191834\">Agenda tu visita ahora<\/a>\t\t\t\t\t\t<\/div>\n\t\t\t\t<\/div>\n\t\t\t\t\t<\/div>\n\t\t<\/div>\n\t\t\t\t\t\t\t<\/div>\n\t\t<\/section>\n\t\t\t\t<section class=\"elementor-section elementor-top-section elementor-element elementor-element-a4427d1 elementor-section-boxed elementor-section-height-default elementor-section-height-default\" data-id=\"a4427d1\" data-element_type=\"section\">\n\t\t\t\t\t\t<div class=\"elementor-container elementor-column-gap-default\">\n\t\t\t\t\t<div class=\"elementor-column elementor-col-100 elementor-top-column elementor-element elementor-element-58a624d\" data-id=\"58a624d\" data-element_type=\"column\">\n\t\t\t<div class=\"elementor-widget-wrap elementor-element-populated\">\n\t\t\t\t\t\t\t\t<div class=\"elementor-element elementor-element-0433189 elementor-widget elementor-widget-spacer\" data-id=\"0433189\" data-element_type=\"widget\" data-widget_type=\"spacer.default\">\n\t\t\t\t<div class=\"elementor-widget-container\">\n\t\t\t<style>\/*! elementor - v3.6.2 - 04-04-2022 *\/\n.e-container.e-container--row .elementor-spacer-inner{width:var(--spacer-size)}.e-container.e-container--column .elementor-spacer-inner,.elementor-column .elementor-spacer-inner{height:var(--spacer-size)}<\/style>\t\t<div class=\"elementor-spacer\">\n\t\t\t<div class=\"elementor-spacer-inner\"><\/div>\n\t\t<\/div>\n\t\t\t\t<\/div>\n\t\t\t\t<\/div>\n\t\t\t\t\t<\/div>\n\t\t<\/div>\n\t\t\t\t\t\t\t<\/div>\n\t\t<\/section>\n\t\t\t\t<section class=\"elementor-section elementor-top-section elementor-element elementor-element-ca57843 elementor-section-boxed elementor-section-height-default elementor-section-height-default\" data-id=\"ca57843\" data-element_type=\"section\">\n\t\t\t\t\t\t<div class=\"elementor-container elementor-column-gap-default\">\n\t\t\t\t\t<div class=\"elementor-column elementor-col-100 elementor-top-column elementor-element elementor-element-3db90e2\" data-id=\"3db90e2\" data-element_type=\"column\">\n\t\t\t<div class=\"elementor-widget-wrap elementor-element-populated\">\n\t\t\t\t\t\t\t\t<div class=\"elementor-element elementor-element-85b21ae elementor-widget elementor-widget-image\" data-id=\"85b21ae\" data-element_type=\"widget\" data-widget_type=\"image.default\">\n\t\t\t\t<div class=\"elementor-widget-container\">\n\t\t\t<style>\/*! elementor - v3.6.2 - 04-04-2022 *\/\n.elementor-widget-image{text-align:center}.elementor-widget-image a{display:inline-block}.elementor-widget-image a img[src$=\".svg\"]{width:48px}.elementor-widget-image img{vertical-align:middle;display:inline-block}<\/style>\t\t\t\t\t\t\t\t\t\t\t\t<img loading=\"lazy\" decoding=\"async\" width=\"674\" height=\"512\" src=\"https:\/\/laurabastante.com\/wp-content\/uploads\/2022\/04\/LABIOS.jpg\" class=\"attachment-medium_large size-medium_large\" alt=\"\" srcset=\"https:\/\/laurabastante.com\/wp-content\/uploads\/2022\/04\/LABIOS.jpg 674w, https:\/\/laurabastante.com\/wp-content\/uploads\/2022\/04\/LABIOS-300x228.jpg 300w, https:\/\/laurabastante.com\/wp-content\/uploads\/2022\/04\/LABIOS-192x146.jpg 192w, https:\/\/laurabastante.com\/wp-content\/uploads\/2022\/04\/LABIOS-50x38.jpg 50w, https:\/\/laurabastante.com\/wp-content\/uploads\/2022\/04\/LABIOS-99x75.jpg 99w\" sizes=\"auto, (max-width: 674px) 100vw, 674px\" \/>\t\t\t\t\t\t\t\t\t\t\t\t\t\t\t<\/div>\n\t\t\t\t<\/div>\n\t\t\t\t\t<\/div>\n\t\t<\/div>\n\t\t\t\t\t\t\t<\/div>\n\t\t<\/section>\n\t\t\t\t<section class=\"elementor-section elementor-top-section elementor-element elementor-element-e7d9771 elementor-section-boxed elementor-section-height-default elementor-section-height-default\" data-id=\"e7d9771\" data-element_type=\"section\">\n\t\t\t\t\t\t<div class=\"elementor-container elementor-column-gap-default\">\n\t\t\t\t\t<div class=\"elementor-column elementor-col-100 elementor-top-column elementor-element elementor-element-35af7b3\" data-id=\"35af7b3\" data-element_type=\"column\">\n\t\t\t<div class=\"elementor-widget-wrap elementor-element-populated\">\n\t\t\t\t\t\t\t\t<div class=\"elementor-element elementor-element-f7d3578 elementor-widget elementor-widget-spacer\" data-id=\"f7d3578\" data-element_type=\"widget\" data-widget_type=\"spacer.default\">\n\t\t\t\t<div class=\"elementor-widget-container\">\n\t\t\t\t\t<div class=\"elementor-spacer\">\n\t\t\t<div class=\"elementor-spacer-inner\"><\/div>\n\t\t<\/div>\n\t\t\t\t<\/div>\n\t\t\t\t<\/div>\n\t\t\t\t\t<\/div>\n\t\t<\/div>\n\t\t\t\t\t\t\t<\/div>\n\t\t<\/section>\n\t\t\t\t\t\t\t<\/div>\n\t\t","protected":false},"excerpt":{"rendered":"<p>La micropigmentaci\u00f3n efecto Acuerela lips es una novedosa t\u00e9cnica que tiene un resultado natural dejando as\u00ed atr\u00e1s la antigua t\u00e9cnica de delineado, con esta t\u00e9cnica se<span class=\"excerpt-hellip\"> [\u2026]<\/span><\/p>\n","protected":false},"author":1,"featured_media":0,"parent":0,"menu_order":0,"comment_status":"closed","ping_status":"closed","template":"","meta":{"footnotes":""},"class_list":["post-422","page","type-page","status-publish","hentry"],"_links":{"self":[{"href":"https:\/\/laurabastante.com\/index.php\/wp-json\/wp\/v2\/pages\/422","targetHints":{"allow":["GET"]}}],"collection":[{"href":"https:\/\/laurabastante.com\/index.php\/wp-json\/wp\/v2\/pages"}],"about":[{"href":"https:\/\/laurabastante.com\/index.php\/wp-json\/wp\/v2\/types\/page"}],"author":[{"embeddable":true,"href":"https:\/\/laurabastante.com\/index.php\/wp-json\/wp\/v2\/users\/1"}],"replies":[{"embeddable":true,"href":"https:\/\/laurabastante.com\/index.php\/wp-json\/wp\/v2\/comments?post=422"}],"version-history":[{"count":7,"href":"https:\/\/laurabastante.com\/index.php\/wp-json\/wp\/v2\/pages\/422\/revisions"}],"predecessor-version":[{"id":439,"href":"https:\/\/laurabastante.com\/index.php\/wp-json\/wp\/v2\/pages\/422\/revisions\/439"}],"wp:attachment":[{"href":"https:\/\/laurabastante.com\/index.php\/wp-json\/wp\/v2\/media?parent=422"}],"curies":[{"name":"wp","href":"https:\/\/api.w.org\/{rel}","templated":true}]}}