{"id":508,"date":"2023-10-19T09:44:06","date_gmt":"2023-10-19T09:44:06","guid":{"rendered":"https:\/\/laurabastante.com\/?page_id=508"},"modified":"2023-10-19T09:52:55","modified_gmt":"2023-10-19T09:52:55","slug":"politica-de-cookies","status":"publish","type":"page","link":"https:\/\/laurabastante.com\/index.php\/politica-de-cookies\/","title":{"rendered":"Pol\u00edtica de cookies"},"content":{"rendered":"\t\t<div data-elementor-type=\"wp-page\" data-elementor-id=\"508\" class=\"elementor elementor-508\">\n\t\t\t\t\t\t\t\t\t<section class=\"elementor-section elementor-top-section elementor-element elementor-element-ad669db elementor-section-boxed elementor-section-height-default elementor-section-height-default\" data-id=\"ad669db\" data-element_type=\"section\">\n\t\t\t\t\t\t<div class=\"elementor-container elementor-column-gap-default\">\n\t\t\t\t\t<div class=\"elementor-column elementor-col-100 elementor-top-column elementor-element elementor-element-74d0bd6\" data-id=\"74d0bd6\" data-element_type=\"column\">\n\t\t\t<div class=\"elementor-widget-wrap elementor-element-populated\">\n\t\t\t\t\t\t\t\t<div class=\"elementor-element elementor-element-b7cb32f elementor-widget elementor-widget-text-editor\" data-id=\"b7cb32f\" data-element_type=\"widget\" data-widget_type=\"text-editor.default\">\n\t\t\t\t<div class=\"elementor-widget-container\">\n\t\t\t<style>\/*! elementor - v3.6.2 - 04-04-2022 *\/\n.elementor-widget-text-editor.elementor-drop-cap-view-stacked .elementor-drop-cap{background-color:#818a91;color:#fff}.elementor-widget-text-editor.elementor-drop-cap-view-framed .elementor-drop-cap{color:#818a91;border:3px solid;background-color:transparent}.elementor-widget-text-editor:not(.elementor-drop-cap-view-default) .elementor-drop-cap{margin-top:8px}.elementor-widget-text-editor:not(.elementor-drop-cap-view-default) .elementor-drop-cap-letter{width:1em;height:1em}.elementor-widget-text-editor .elementor-drop-cap{float:left;text-align:center;line-height:1;font-size:50px}.elementor-widget-text-editor .elementor-drop-cap-letter{display:inline-block}<\/style>\t\t\t\t<p><strong>Pol\u00edtica de cookies<\/strong><\/p><p>En cumplimiento con el deber de informaci\u00f3n recogido en el apartado 2\u00ba del art\u00edculo 22 de la Ley 34\/2002, de 11 de Julio, de Servicios de la Sociedad de la Informaci\u00f3n y del Comercio Electr\u00f3nico, la presente pol\u00edtica de cookies tiene por finalidad informarle de manera clara y precisa sobre las cookies que se utilizan en la p\u00e1gina web de <strong>\u00abLAURA BASTANTE JIM\u00c9NEZ\u00bb<\/strong>.<\/p><p>\u00a0<\/p><p><strong>\u00bfQu\u00e9 son las cookies?<\/strong><\/p><p>Una cookie es un fichero de peque\u00f1o tama\u00f1o que los sitios web env\u00edan al navegador y se descargan en su ordenador. Las cookies permiten que la p\u00e1gina web almacene y recupere la informaci\u00f3n sobre su visita, como su idioma preferido y otras opciones, con el fin de mejorar los servicios que se ofrecen y contribuir a tener una mejor experiencia de navegaci\u00f3n para el usuario.<\/p><p>\u00a0<\/p><p><strong>Tipos de cookies<\/strong><\/p><p>En funci\u00f3n de qui\u00e9n gestione el dominio desde donde se env\u00edan las cookies y se traten los datos, se distinguir\u00e1 entre cookies propias y cookies de terceros.<\/p><p>Las cookies tambi\u00e9n pueden clasificarse seg\u00fan el plazo de tiempo que permanezcan almacenadas en el navegador del usuario, distingui\u00e9ndose entre cookies de sesi\u00f3n o cookies persistentes.<\/p><p>Finalmente, en funci\u00f3n de la finalidad para la que se trate la informaci\u00f3n recopilada, las cookies se pueden clasificar en las siguientes categor\u00edas:<\/p><p><strong>Cookies propias:<\/strong> Son aquellas cookies que son enviadas a su ordenador y gestionadas exclusivamente por nosotros para el mejor funcionamiento del Sitio Web. La informaci\u00f3n que recabamos se emplea para mejorar la calidad de nuestro servicio y su experiencia como usuario. Estas cookies permanecen en su navegador m\u00e1s tiempo, permiti\u00e9ndonos reconocerle como visitante recurrente del Sitio Web y adaptar el contenido para ofrecerle contenidos que se ajusten a sus preferencias.<\/p><p><strong>Cookies t\u00e9cnicas<\/strong>: permiten al usuario navegar por un sitio web y utilizar algunos de los servicios ofrecidos por el mismo (como, por ejemplo, las que sirven para recordar los elementos integrantes de un carrito de compra).<\/p><p><strong>Cookies de personalizaci\u00f3n:<\/strong> permiten que el usuario acceda al sitio web con unas caracter\u00edsticas determinadas, como puede ser el idioma.<\/p><p><strong>Cookies de seguridad:<\/strong> sirven para impedir o dificultar los ataques contra el sitio web.<\/p><p><strong>Cookies de complemento para intercambiar contenidos sociales:<\/strong> los llamados plug- in, que permiten compartir contenidos en redes sociales.<\/p><p><strong>Cookies de an\u00e1lisis:<\/strong> permiten al responsable el seguimiento del comportamiento del usuario.<\/p><p><strong>Cookies publicitarias:<\/strong> permiten gestionar los espacios de publicidad del sitio web.<\/p><p><strong>Cookies de publicidad comportamental<\/strong>: como las anteriores, sirven para gestionar los espacios de publicidad del sitio web en funci\u00f3n de la informaci\u00f3n recogida sobre el comportamiento del usuario y sus h\u00e1bitos, adaptando la publicidad al perfil del usuario. Cookies de geolocalizaci\u00f3n: utilizadas para averiguar el pa\u00eds d\u00f3nde se encuentra el usuario.<\/p><p>\u00a0<\/p><p><strong>Autorizaci\u00f3n para el uso de cookies<\/strong><\/p><p>De conformidad con el aviso de cookies que aparece en el sitio web, el usuario puede consentir expresamente el uso de cookies que requieran consentimiento; sin embargo, el uso de cookies t\u00e9cnicas o necesarias no requiere de consentimiento. Sin perjuicio de todo ello, el usuario puede modificar la configuraci\u00f3n de su navegador para rechazar el uso de las cookies.<\/p><p>\u00a0<\/p><p><strong>C\u00f3mo modificar la configuraci\u00f3n de las cookies<\/strong><\/p><p>Usted puede restringir, bloquear o borrar las cookies de <strong>\u00abLAURA BASTANTE JIM\u00c9NEZ\u00bb<\/strong> o cualquier otra p\u00e1gina web utilizando su navegador. En cada navegador la operativa es diferente, puede encontrar c\u00f3mo hacerlo en el men\u00fa de ayuda de su navegador d\u00f3nde se establece el procedimiento para su eliminaci\u00f3n. Para m\u00e1s informaci\u00f3n:<\/p><p><strong>Google Chrome:<\/strong><\/p><p>https:\/\/support.google.com\/chrome\/answer\/95647?co=GENIE.Platform%3DDesktop&hl=es<\/p><p><strong>Mozilla Firefox:<\/strong><\/p><p>https:\/\/support.moz illa.org\/es\/kb\/habilitar- y- deshabilitar- cookies- sitios- web- rastrear- preferencias<\/p><p><strong>Safari:<\/strong><\/p><p>https:\/\/support.apple.com\/es- es\/guide\/safari\/sfri11471\/mac<\/p><p><strong>Internet Explorer:<\/strong><\/p><p>https:\/\/support.microsoft.com\/es- es\/help\/278835\/how- to- delete- cookie- files- in- internet- explorer<\/p><p>Es posible que al deshabilitar las cookies la p\u00e1gina web no funcione correctamente o no pueda acceder a determinadas funciones de esta.<\/p><p><strong>Cookies utilizadas en la web<\/strong><\/p><p>En el portal web se utilizan diferentes tipos de cookies con distintas finalidades, a continuaci\u00f3n, se enumeran las cookies empleadas:<\/p><p>\u00a0<\/p><table width=\"563\"><tbody><tr><td><p><strong>Cookie<\/strong><\/p><\/td><td><p><strong>Tipo<\/strong><\/p><\/td><td><p><strong>Duraci\u00f3n<\/strong><\/p><\/td><td><p><strong>Descripci\u00f3n<\/strong><\/p><\/td><\/tr><tr><td><p>wp-settings-1<\/p><p>wp-settings-time-1<\/p><\/td><td>Propias: Sesi\u00f3n<\/td><td>Caduca al finalizar sesi\u00f3n<\/td><td>Estas cookies son utilizadas por WordPress para personalizar la Interfaz de Usuario.<\/td><\/tr><tr><td>wordpress_logged_in<\/td><td>Propias: Sesi\u00f3n<\/td><td>Caduca al finalizar sesi\u00f3n<\/td><td>Esta cookie de WordPress recuerda si est\u00e1s autentificado en el site mientras navegas entre las p\u00e1ginas.<\/td><\/tr><tr><td>\u00a0<\/td><td>\u00a0<\/td><td>\u00a0<\/td><td>\u00a0<\/td><\/tr><tr><td>\u00a0<\/td><td>\u00a0<\/td><td>\u00a0<\/td><td>\u00a0<\/td><\/tr><tr><td>\u00a0<\/td><td>\u00a0<\/td><td>\u00a0<\/td><td>\u00a0<\/td><\/tr><tr><td>\u00a0<\/td><td>\u00a0<\/td><td>\u00a0<\/td><td>\u00a0<\/td><\/tr><\/tbody><\/table><p><strong>Modificaci\u00f3n de las condiciones<\/strong><\/p><p><strong>\u00abLAURA BASTANTE JIM\u00c9NEZ\u00bb<\/strong> se reserva expresamente el derecho a modificar unilateralmente, total o parcialmente, sin necesidad de previo aviso, la presente Pol\u00edtica de Cookies. El usuario reconoce y acepta que es su responsabilidad revisar la presente Pol\u00edtica de Cookies.<\/p>\t\t\t\t\t\t<\/div>\n\t\t\t\t<\/div>\n\t\t\t\t\t<\/div>\n\t\t<\/div>\n\t\t\t\t\t\t\t<\/div>\n\t\t<\/section>\n\t\t\t\t\t\t\t<\/div>\n\t\t","protected":false},"excerpt":{"rendered":"<p>Pol\u00edtica de cookies En cumplimiento con el deber de informaci\u00f3n recogido en el apartado 2\u00ba del art\u00edculo 22 de la Ley 34\/2002, de 11 de Julio,<span class=\"excerpt-hellip\"> [\u2026]<\/span><\/p>\n","protected":false},"author":1,"featured_media":0,"parent":0,"menu_order":0,"comment_status":"closed","ping_status":"closed","template":"","meta":{"footnotes":""},"class_list":["post-508","page","type-page","status-publish","hentry"],"_links":{"self":[{"href":"https:\/\/laurabastante.com\/index.php\/wp-json\/wp\/v2\/pages\/508","targetHints":{"allow":["GET"]}}],"collection":[{"href":"https:\/\/laurabastante.com\/index.php\/wp-json\/wp\/v2\/pages"}],"about":[{"href":"https:\/\/laurabastante.com\/index.php\/wp-json\/wp\/v2\/types\/page"}],"author":[{"embeddable":true,"href":"https:\/\/laurabastante.com\/index.php\/wp-json\/wp\/v2\/users\/1"}],"replies":[{"embeddable":true,"href":"https:\/\/laurabastante.com\/index.php\/wp-json\/wp\/v2\/comments?post=508"}],"version-history":[{"count":7,"href":"https:\/\/laurabastante.com\/index.php\/wp-json\/wp\/v2\/pages\/508\/revisions"}],"predecessor-version":[{"id":517,"href":"https:\/\/laurabastante.com\/index.php\/wp-json\/wp\/v2\/pages\/508\/revisions\/517"}],"wp:attachment":[{"href":"https:\/\/laurabastante.com\/index.php\/wp-json\/wp\/v2\/media?parent=508"}],"curies":[{"name":"wp","href":"https:\/\/api.w.org\/{rel}","templated":true}]}}